{"id":880,"date":"2018-05-29T11:10:26","date_gmt":"2018-05-29T11:10:26","guid":{"rendered":"http:\/\/xtratheme.com\/default\/?page_id=4"},"modified":"2024-06-11T10:25:56","modified_gmt":"2024-06-11T10:25:56","slug":"home","status":"publish","type":"page","link":"https:\/\/sorenco.tn\/","title":{"rendered":"Home"},"content":{"rendered":"<div class=\"wpb-content-wrapper\"><p>[vc_row full_width=\u00a0\u00bbstretch_row\u00a0\u00bb css=\u00a0\u00bb.vc_custom_1706738064255{padding-top: 100px !important;background-color: #e0e0e0 !important;}\u00a0\u00bb][vc_column]<div id=\"cz_42264\" class=\"cz_42264 cz_title clr cz_title_pos_inline tac\"><div class=\"cz_title_content\"><div class=\"cz_wpe_content\"><h3 style=\"text-align: center;\"><span style=\"font-size: 48px;\"><span style=\"font-size: 34px;\">Une pr\u00e9sence directe en <span style=\"color: #d60000;\">Tunisie<\/span> et en <span style=\"color: #d60000;\">Alg\u00e9rie<\/span><\/span><\/span><\/h3>\n<\/div><\/div><\/div><div class=\"cz_gap clr  hide_on_tablet hide_on_mobile\" style=\"height: 29px\"><\/div><div class=\"cz_gap show_on_tablet clr \" style=\"height: 0px\"><\/div>[vc_row_inner][vc_column_inner width=\u00a0\u00bb1\/2&Prime;]<div class=\"xtra-service-box-hover fx_up_hover\"><div id=\"cz_89800\" class=\"cz_89800 services clr style11 cz_sbi_fx_10 services_b\"><div class=\"service_img services_img_have_hover\"><img decoding=\"async\" width=\"150\" height=\"150\" src=\"https:\/\/sorenco.tn\/wp-content\/uploads\/2024\/01\/1-150x150.png\" class=\"service-icon attachment-thumbnail\" alt=\"\" title=\"1\" srcset=\"https:\/\/sorenco.tn\/wp-content\/uploads\/2024\/01\/1-150x150.png 150w, https:\/\/sorenco.tn\/wp-content\/uploads\/2024\/01\/1-300x300.png 300w, https:\/\/sorenco.tn\/wp-content\/uploads\/2024\/01\/1-100x100.png 100w, https:\/\/sorenco.tn\/wp-content\/uploads\/2024\/01\/1.png 563w\" sizes=\"(max-width: 150px) 100vw, 150px\" \/><img decoding=\"async\" width=\"150\" height=\"150\" src=\"https:\/\/sorenco.tn\/wp-content\/uploads\/2024\/01\/2-1-150x150.png\" class=\"service-icon attachment-thumbnail\" alt=\"\" title=\"2\" srcset=\"https:\/\/sorenco.tn\/wp-content\/uploads\/2024\/01\/2-1-150x150.png 150w, https:\/\/sorenco.tn\/wp-content\/uploads\/2024\/01\/2-1-300x300.png 300w, https:\/\/sorenco.tn\/wp-content\/uploads\/2024\/01\/2-1-100x100.png 100w, https:\/\/sorenco.tn\/wp-content\/uploads\/2024\/01\/2-1.png 563w\" sizes=\"(max-width: 150px) 100vw, 150px\" \/><\/div><div class=\"service_text\"><h3>L\u2019INFORMATION SUR LES ENTREPRISES<\/h3><div class=\"cz_wpe_content\">Evaluer la sant\u00e9 financi\u00e8re de vos partenaires<\/div><a href=\"https:\/\/sorenco.tn\/index.php\/risque-client\/\" title=\"Services\" aria-label=\"Services\" class=\"cz_btn\">Plus d'informations<\/a><\/div><\/div><\/div>[\/vc_column_inner][vc_column_inner width=\u00a0\u00bb1\/2&Prime;]<div class=\"xtra-service-box-hover fx_up_hover\"><div id=\"cz_72577\" class=\"cz_72577 services clr style11 cz_sbi_fx_10 services_b\"><div class=\"service_img services_img_have_hover\"><img decoding=\"async\" width=\"150\" height=\"150\" src=\"https:\/\/sorenco.tn\/wp-content\/uploads\/2024\/01\/3-150x150.png\" class=\"service-icon attachment-thumbnail\" alt=\"\" title=\"3\" srcset=\"https:\/\/sorenco.tn\/wp-content\/uploads\/2024\/01\/3-150x150.png 150w, https:\/\/sorenco.tn\/wp-content\/uploads\/2024\/01\/3-300x300.png 300w, https:\/\/sorenco.tn\/wp-content\/uploads\/2024\/01\/3-100x100.png 100w, https:\/\/sorenco.tn\/wp-content\/uploads\/2024\/01\/3.png 563w\" sizes=\"(max-width: 150px) 100vw, 150px\" \/><img decoding=\"async\" width=\"150\" height=\"150\" src=\"https:\/\/sorenco.tn\/wp-content\/uploads\/2024\/01\/4-1-150x150.png\" class=\"service-icon attachment-thumbnail\" alt=\"\" title=\"4\" srcset=\"https:\/\/sorenco.tn\/wp-content\/uploads\/2024\/01\/4-1-150x150.png 150w, https:\/\/sorenco.tn\/wp-content\/uploads\/2024\/01\/4-1-300x300.png 300w, https:\/\/sorenco.tn\/wp-content\/uploads\/2024\/01\/4-1-100x100.png 100w, https:\/\/sorenco.tn\/wp-content\/uploads\/2024\/01\/4-1.png 563w\" sizes=\"(max-width: 150px) 100vw, 150px\" \/><\/div><div class=\"service_text\"><h3>LE RECOUVREMENT DE CR\u00c9ANCES<\/h3><div class=\"cz_wpe_content\"><span style=\"font-size: 18px;\">Confiez-nous vos impay\u00e9s afin d&rsquo;am\u00e9liorer votre situation de tr\u00e9sorerie<\/span><\/div><a href=\"https:\/\/sorenco.tn\/index.php\/recouvrement\/\" title=\"Services\" aria-label=\"Services\" class=\"cz_btn\">Plus d'informations<\/a><\/div><\/div><\/div>[\/vc_column_inner][\/vc_row_inner][\/vc_column][\/vc_row][vc_row][vc_column]<div class=\"cz_gap clr  hide_on_tablet hide_on_mobile\" style=\"height: 84px\"><\/div><div class=\"cz_gap show_on_tablet clr \" style=\"height: 49px\"><\/div>[\/vc_column][\/vc_row][vc_row rtl_reverse=\u00a0\u00bbyes\u00a0\u00bb][vc_column css=\u00a0\u00bb.vc_custom_1569828571036{padding-right: 40px !important;}\u00a0\u00bb offset=\u00a0\u00bbvc_col-md-4&Prime;]<div class=\"cz_gap clr \" style=\"height: 75px\"><\/div><div id=\"cz_58189\" class=\"cz_58189 cz_title clr cz_mobile_text_center cz_title_pos_inline\"><div class=\"cz_title_content\"><div class=\"cz_wpe_content\"><h2>A L\u2019INTERNATIONAL<\/h2>\n<\/div><\/div><\/div><div class=\"cz_gap clr \" style=\"height: 40px\"><\/div><div id=\"cz_79434\" class=\"cz_79434 cz_title clr cz_mobile_text_center cz_title_pos_inline\"><div class=\"cz_title_content\"><div class=\"cz_wpe_content\"><p><span style=\"font-size: 24px; color: #666666;\">Sorenco, \u00e0 travers son r\u00e9seau, vous assiste dans plus de 100 pays<\/span><\/p>\n<\/div><\/div><\/div><div class=\"cz_gap clr \" style=\"height: 50px\"><\/div><div class=\"cz_btn_left cz_mobile_btn_center\"><div class=\"cz_52349_p\"><a id=\"cz_52349\" class=\"cz_52349 cz_btn cz_btn_txt_move_up cz_btn_shine cz_btn_icon_after\" href=\"https:\/\/sorenco.tn\/index.php\/a-linternational\/\" title=\"About Us\" aria-label=\"About Us\"><span><strong>Lire plus de d\u00e9tails<\/strong><i class=\"fa czico-188-arrows-2\"><\/i><\/span><b class=\"cz_btn_onhover\"><strong>Lire plus de d\u00e9tails<\/strong><i class=\"fa czico-188-arrows-2\"><\/i><\/b><\/a><\/div><\/div><div class=\"clr\"><\/div>[\/vc_column][vc_column width=\u00a0\u00bb1\/2&Prime; offset=\u00a0\u00bbvc_col-md-4&Prime;]<div class=\"cz_gap clr  hide_on_mobile\" style=\"height: 50px\"><\/div><div class=\"cz_gap show_on_mobile clr\" style=\"height: 100px\"><\/div><div id=\"cz_35058\" class=\"cz_35058 cz_image clr cz_image_no_fx center_on_mobile\"><div class=\"\" ><div class=\"cz_image_in\" data-tilt><div class=\"cz_main_image\"><img decoding=\"async\" width=\"454\" height=\"567\" src=\"https:\/\/sorenco.tn\/wp-content\/uploads\/2024\/06\/2-1.png\" class=\"attachment-full\" alt=\"\" title=\"2\" srcset=\"https:\/\/sorenco.tn\/wp-content\/uploads\/2024\/06\/2-1.png 454w, https:\/\/sorenco.tn\/wp-content\/uploads\/2024\/06\/2-1-240x300.png 240w\" sizes=\"(max-width: 454px) 100vw, 454px\" \/><\/div><\/div><\/div><\/div><div class=\"cz_gap clr \" style=\"height: 25px\"><\/div>[\/vc_column][vc_column width=\u00a0\u00bb1\/2&Prime; offset=\u00a0\u00bbvc_col-md-4&Prime;]<div id=\"cz_48805\" class=\"cz_48805 cz_image clr cz_image_no_fx center_on_mobile\"><div class=\"\" ><div class=\"cz_image_in\" data-tilt><div class=\"cz_main_image\"><img decoding=\"async\" width=\"605\" height=\"756\" src=\"https:\/\/sorenco.tn\/wp-content\/uploads\/2024\/06\/2-2.png\" class=\"attachment-full\" alt=\"\" title=\"2\" srcset=\"https:\/\/sorenco.tn\/wp-content\/uploads\/2024\/06\/2-2.png 605w, https:\/\/sorenco.tn\/wp-content\/uploads\/2024\/06\/2-2-240x300.png 240w, https:\/\/sorenco.tn\/wp-content\/uploads\/2024\/06\/2-2-600x750.png 600w\" sizes=\"(max-width: 605px) 100vw, 605px\" \/><\/div><\/div><\/div><\/div>[\/vc_column][\/vc_row][vc_row][vc_column]<div class=\"cz_gap clr \" style=\"height: 50px\"><\/div><div id=\"cz_41759\" class=\"cz_41759 cz_title clr cz_title_pos_inline tac\"><div class=\"cz_title_content\"><div class=\"cz_wpe_content\"><h3 style=\"text-align: center;\"><span style=\"font-size: 48px;\"><span style=\"color: #d60000;\">Sorenco<\/span> En chiffres<\/span><\/h3>\n<\/div><\/div><\/div>[\/vc_column][\/vc_row][vc_row][vc_column]<div class=\"cz_gap clr \" style=\"height: 75px\"><\/div>[\/vc_column][\/vc_row][vc_row][vc_column width=\u00a0\u00bb1\/3&Prime;]<div id=\"cz_33684\" data-disable-comma=\"\" data-duration=\"3000\" data-delay=\"0000\" class=\"cz_33684 cz_counter clr tac cz_2rows\"><div class=\"\"><span class=\"cz_counter_num_wrap\"><span class=\"cz_counter_num\">100<\/span><i>K +<\/i><\/span><span class=\"cz_counter_after\">Entreprises<\/span><\/div><\/div>[\/vc_column][vc_column width=\u00a0\u00bb1\/3&Prime;]<div id=\"cz_98118\" data-disable-comma=\"\" data-duration=\"3000\" data-delay=\"0000\" class=\"cz_98118 cz_counter clr tac cz_2rows\"><div class=\"\"><span class=\"cz_counter_num_wrap\"><span class=\"cz_counter_num\">32<\/span><i>+<\/i><\/span><span class=\"cz_counter_after\">Ann\u00e9es d\u2019exp\u00e9rience<\/span><\/div><\/div>[\/vc_column][vc_column width=\u00a0\u00bb1\/3&Prime;]<div id=\"cz_51889\" data-disable-comma=\"\" data-duration=\"3000\" data-delay=\"0000\" class=\"cz_51889 cz_counter clr tac cz_2rows\"><div class=\"\"><span class=\"cz_counter_num_wrap\"><span class=\"cz_counter_num\">1000<\/span><i>+<\/i><\/span><span class=\"cz_counter_after\">clients<\/span><\/div><\/div>[\/vc_column][\/vc_row][vc_row][vc_column width=\u00a0\u00bb1\/6&Prime;]<div class=\"cz_gap clr \" style=\"height: 5px\"><\/div>[\/vc_column][\/vc_row]<\/p>\n<\/div>","protected":false},"excerpt":{"rendered":"<p>[vc_row full_width=\u00a0\u00bbstretch_row\u00a0\u00bb css=\u00a0\u00bb.vc_custom_1706738064255{padding-top: 100px !important;background-color: #e0e0e0 !important;}\u00a0\u00bb][vc_column][vc_row_inner][vc_column_inner width=\u00a0\u00bb1\/2&Prime;][\/vc_column_inner][vc_column_inner width=\u00a0\u00bb1\/2&Prime;][\/vc_column_inner][\/vc_row_inner][\/vc_column][\/vc_row][vc_row][vc_column][\/vc_column][\/vc_row][vc_row rtl_reverse=\u00a0\u00bbyes\u00a0\u00bb][vc_column css=\u00a0\u00bb.vc_custom_1569828571036{padding-right: &#8230; <\/p>\n","protected":false},"author":1,"featured_media":0,"parent":0,"menu_order":0,"comment_status":"closed","ping_status":"closed","template":"","meta":{"footnotes":""},"class_list":["post-880","page","type-page","status-publish","hentry"],"_links":{"self":[{"href":"https:\/\/sorenco.tn\/index.php\/wp-json\/wp\/v2\/pages\/880","targetHints":{"allow":["GET"]}}],"collection":[{"href":"https:\/\/sorenco.tn\/index.php\/wp-json\/wp\/v2\/pages"}],"about":[{"href":"https:\/\/sorenco.tn\/index.php\/wp-json\/wp\/v2\/types\/page"}],"author":[{"embeddable":true,"href":"https:\/\/sorenco.tn\/index.php\/wp-json\/wp\/v2\/users\/1"}],"replies":[{"embeddable":true,"href":"https:\/\/sorenco.tn\/index.php\/wp-json\/wp\/v2\/comments?post=880"}],"version-history":[{"count":9,"href":"https:\/\/sorenco.tn\/index.php\/wp-json\/wp\/v2\/pages\/880\/revisions"}],"predecessor-version":[{"id":1893,"href":"https:\/\/sorenco.tn\/index.php\/wp-json\/wp\/v2\/pages\/880\/revisions\/1893"}],"wp:attachment":[{"href":"https:\/\/sorenco.tn\/index.php\/wp-json\/wp\/v2\/media?parent=880"}],"curies":[{"name":"wp","href":"https:\/\/api.w.org\/{rel}","templated":true}]}}