{"id":1689,"date":"2024-03-05T13:10:45","date_gmt":"2024-03-05T13:10:45","guid":{"rendered":"https:\/\/sorenco.tn\/?page_id=1689"},"modified":"2024-06-11T07:35:39","modified_gmt":"2024-06-11T07:35:39","slug":"recouvrement","status":"publish","type":"page","link":"https:\/\/sorenco.tn\/index.php\/recouvrement\/","title":{"rendered":"Recouvrement"},"content":{"rendered":"<div class=\"wpb-content-wrapper\"><p>[vc_row][vc_column width=\u00a0\u00bb1\/6&Prime;][\/vc_column][vc_column width=\u00a0\u00bb2\/3&Prime;]<ul id=\"cz_36839\" class=\"cz_36839 cz_stylish_list clr cz_sl_icon_hover_zoom_in\"><li class=\"clr\"><div class=\"cz_sl_icon\"><i class=\"fa fa-angle-right mr10\"><\/i><\/div><div><span>Amiable<\/span><\/div><\/li><\/ul>[vc_column_text css=\u00a0\u00bb\u00a0\u00bb]<\/p>\n<ul>\n<li><span style=\"font-size: 20px;\">Renseignement sur le d\u00e9biteur et \u00e9valuation de sa capacit\u00e9 \u00e0 rembourser sa dette. Nos experts permettront d\u2019orienter au mieux la strat\u00e9gie \u00e0 mettre en place pour recouvrer la cr\u00e9ance<\/span><\/li>\n<li><span style=\"font-size: 20px;\">Envoi d\u2019un courrier de mise en demeure<\/span><\/li>\n<li><span style=\"font-size: 20px;\">Appels t\u00e9l\u00e9phoniques, mails, sms et visites du d\u00e9biteur<\/span><\/li>\n<\/ul>\n<div><span style=\"font-size: 20px;\">Nos agents de recouvrement sont s\u00e9lectionn\u00e9s sur la base de leur capacit\u00e9 \u00e0 n\u00e9gocier avec les d\u00e9biteurs.<\/span><\/div>\n<div><span style=\"font-size: 20px;\">Ils sont aguerris \u00e0 tous les arguments avanc\u00e9s par les mauvais payeurs et sont form\u00e9s pour bien les contrer.<\/span><\/div>\n<div><\/div>\n<div><span style=\"font-size: 20px;\">La proc\u00e9dure pr\u00e9-judiciaire et judiciaire n\u2019est mise en place que suite \u00e0 l\u2019accord du cr\u00e9ancier.<\/span><\/div>\n<p>[\/vc_column_text]<ul id=\"cz_79472\" class=\"cz_79472 cz_stylish_list clr cz_sl_icon_hover_zoom_in\"><li class=\"clr\"><div class=\"cz_sl_icon\"><i class=\"fa fa-angle-right mr10\"><\/i><\/div><div><span>Pr\u00e9-judiciaire<\/span><\/div><\/li><\/ul>[vc_column_text css=\u00a0\u00bb\u00a0\u00bb]<\/p>\n<ul>\n<li><span style=\"font-size: 20px;\">Envoi d\u2019une mise en demeure par voie d\u2019huissier notaire<\/span><\/li>\n<\/ul>\n<p>[\/vc_column_text]<ul id=\"cz_89520\" class=\"cz_89520 cz_stylish_list clr cz_sl_icon_hover_zoom_in\"><li class=\"clr\"><div class=\"cz_sl_icon\"><i class=\"fa fa-angle-right mr10\"><\/i><\/div><div><span>Judiciaire<\/span><\/div><\/li><\/ul>[vc_column_text css=\u00a0\u00bb\u00a0\u00bb]<span style=\"font-size: 20px;\">Gestion de la proc\u00e9dure judiciaire sur la base d\u2019un mandat sign\u00e9 par le cr\u00e9ancier au profit de Sorenco<\/span><br \/>\n<span style=\"font-size: 20px;\">Suivi de la proc\u00e9dure aupr\u00e8s de nos avocats<\/span><br \/>\n<span style=\"font-size: 20px;\">Gestion au niveau des diff\u00e9rentes instances :<\/span><br \/>\n<span style=\"font-size: 20px;\">&#8211; Tribunal de Premi\u00e8re Instance<\/span><br \/>\n<span style=\"font-size: 20px;\">&#8211; Cour d\u2019Appel<\/span><br \/>\n<span style=\"font-size: 20px;\">&#8211; Cour de Cassation<\/span><\/p>\n<p><span style=\"font-size: 20px;\">Ex\u00e9cution du jugement :<\/span><br \/>\n<span style=\"font-size: 20px;\">&#8211; Pressions sur le d\u00e9biteur pour l\u2019ex\u00e9cution du jugement<\/span><br \/>\n<span style=\"font-size: 20px;\">&#8211; Saisie \u00e9ventuelle de biens<\/span><\/p>\n<p><span style=\"font-size: 20px;\">(Les frais de justice sont \u00e0 la charge du client.)<\/span>[\/vc_column_text][\/vc_column][vc_column width=\u00a0\u00bb1\/6&Prime;][\/vc_column][\/vc_row]<\/p>\n<\/div>","protected":false},"excerpt":{"rendered":"<p>[vc_row][vc_column width=\u00a0\u00bb1\/6&Prime;][\/vc_column][vc_column width=\u00a0\u00bb2\/3&Prime;][vc_column_text css=\u00a0\u00bb\u00a0\u00bb] Renseignement sur le d\u00e9biteur et \u00e9valuation de &#8230; <\/p>\n","protected":false},"author":1,"featured_media":0,"parent":0,"menu_order":0,"comment_status":"closed","ping_status":"closed","template":"","meta":{"footnotes":""},"class_list":["post-1689","page","type-page","status-publish","hentry"],"_links":{"self":[{"href":"https:\/\/sorenco.tn\/index.php\/wp-json\/wp\/v2\/pages\/1689","targetHints":{"allow":["GET"]}}],"collection":[{"href":"https:\/\/sorenco.tn\/index.php\/wp-json\/wp\/v2\/pages"}],"about":[{"href":"https:\/\/sorenco.tn\/index.php\/wp-json\/wp\/v2\/types\/page"}],"author":[{"embeddable":true,"href":"https:\/\/sorenco.tn\/index.php\/wp-json\/wp\/v2\/users\/1"}],"replies":[{"embeddable":true,"href":"https:\/\/sorenco.tn\/index.php\/wp-json\/wp\/v2\/comments?post=1689"}],"version-history":[{"count":6,"href":"https:\/\/sorenco.tn\/index.php\/wp-json\/wp\/v2\/pages\/1689\/revisions"}],"predecessor-version":[{"id":1881,"href":"https:\/\/sorenco.tn\/index.php\/wp-json\/wp\/v2\/pages\/1689\/revisions\/1881"}],"wp:attachment":[{"href":"https:\/\/sorenco.tn\/index.php\/wp-json\/wp\/v2\/media?parent=1689"}],"curies":[{"name":"wp","href":"https:\/\/api.w.org\/{rel}","templated":true}]}}