{"id":1680,"date":"2024-03-05T13:04:23","date_gmt":"2024-03-05T13:04:23","guid":{"rendered":"https:\/\/sorenco.tn\/?page_id=1680"},"modified":"2024-06-12T09:15:08","modified_gmt":"2024-06-12T09:15:08","slug":"risque-client","status":"publish","type":"page","link":"https:\/\/sorenco.tn\/index.php\/risque-client\/","title":{"rendered":"Risque Client"},"content":{"rendered":"<div class=\"wpb-content-wrapper\"><p>[vc_row][vc_column width=\u00a0\u00bb1\/6&Prime;][\/vc_column][vc_column width=\u00a0\u00bb2\/3&Prime;]<ul id=\"cz_84899\" class=\"cz_84899 cz_stylish_list clr cz_sl_icon_hover_zoom_in\"><li class=\"clr\"><div class=\"cz_sl_icon\"><i class=\"fa fa-angle-right mr10\"><\/i><\/div><div><span>Notre base de donn\u00e9es<small>Plus de 100 000 entreprises.<br>Un historique de paiement des principales entreprises actives sur plus de 30 ans<\/small><\/span><\/div><\/li><li class=\"clr\"><div class=\"cz_sl_icon\"><i class=\"fa fa-angle-right mr10\"><\/i><\/div><div><span>Etude de solvabilit\u00e9<small>Evaluation de la solvabilit\u00e9 de vos partenaires commerciaux \u00e0 travers nos rapports. Notre <span style=\"color: #d60000;\"><a style=\"color: #d60000;\" href=\"https:\/\/sorenco.tn\/wp-content\/uploads\/2024\/06\/SPECEMEN.pdf\">Sp\u00e9cimen <\/a><\/span><\/small><\/span><\/div><\/li><li class=\"clr\"><div class=\"cz_sl_icon\"><i class=\"fa fa-angle-right mr10\"><\/i><\/div><div><span>Donn\u00e9es financi\u00e8res<small>Des \u00e9tats financiers de vos clients \/ fournisseurs qui vous permettront d\u2019\u00e9valuer leur p\u00e9rennit\u00e9.<\/small><\/span><\/div><\/li><li class=\"clr\"><div class=\"cz_sl_icon\"><i class=\"fa fa-angle-right mr10\"><\/i><\/div><div><span>Documents juridiques<small>Mise \u00e0 disposition de tout type de documents (PV, Statuts, Registre de l\u2019entreprise,\u2026) <\/small><\/span><\/div><\/li><li class=\"clr\"><div class=\"cz_sl_icon\"><i class=\"fa fa-angle-right mr10\"><\/i><\/div><div><span>Visite domiciliaire<small>D\u00e9placement sur tout le territoire pour visiter un site, l\u2019\u00e9valuer, vous fournir des photos et vous fournir un compte rendu de visite.<\/small><\/span><\/div><\/li><\/ul>[\/vc_column][vc_column width=\u00a0\u00bb1\/6&Prime;][\/vc_column][\/vc_row]<\/p>\n<\/div>","protected":false},"excerpt":{"rendered":"<p>[vc_row][vc_column width=\u00a0\u00bb1\/6&Prime;][\/vc_column][vc_column width=\u00a0\u00bb2\/3&Prime;][\/vc_column][vc_column width=\u00a0\u00bb1\/6&Prime;][\/vc_column][\/vc_row] &#8230; <\/p>\n","protected":false},"author":1,"featured_media":0,"parent":0,"menu_order":0,"comment_status":"closed","ping_status":"closed","template":"","meta":{"footnotes":""},"class_list":["post-1680","page","type-page","status-publish","hentry"],"_links":{"self":[{"href":"https:\/\/sorenco.tn\/index.php\/wp-json\/wp\/v2\/pages\/1680","targetHints":{"allow":["GET"]}}],"collection":[{"href":"https:\/\/sorenco.tn\/index.php\/wp-json\/wp\/v2\/pages"}],"about":[{"href":"https:\/\/sorenco.tn\/index.php\/wp-json\/wp\/v2\/types\/page"}],"author":[{"embeddable":true,"href":"https:\/\/sorenco.tn\/index.php\/wp-json\/wp\/v2\/users\/1"}],"replies":[{"embeddable":true,"href":"https:\/\/sorenco.tn\/index.php\/wp-json\/wp\/v2\/comments?post=1680"}],"version-history":[{"count":3,"href":"https:\/\/sorenco.tn\/index.php\/wp-json\/wp\/v2\/pages\/1680\/revisions"}],"predecessor-version":[{"id":1925,"href":"https:\/\/sorenco.tn\/index.php\/wp-json\/wp\/v2\/pages\/1680\/revisions\/1925"}],"wp:attachment":[{"href":"https:\/\/sorenco.tn\/index.php\/wp-json\/wp\/v2\/media?parent=1680"}],"curies":[{"name":"wp","href":"https:\/\/api.w.org\/{rel}","templated":true}]}}