{"id":1665,"date":"2024-03-05T12:49:48","date_gmt":"2024-03-05T12:49:48","guid":{"rendered":"https:\/\/sorenco.tn\/?page_id=1665"},"modified":"2024-06-11T11:34:11","modified_gmt":"2024-06-11T11:34:11","slug":"qui-sommes-nous-2","status":"publish","type":"page","link":"https:\/\/sorenco.tn\/index.php\/qui-sommes-nous-2\/","title":{"rendered":"Qui sommes nous"},"content":{"rendered":"<div class=\"wpb-content-wrapper\"><p>[vc_row][vc_column width=\u00a0\u00bb1\/2&Prime;]<div class=\"cz_gap clr \" style=\"height: 50px\"><\/div><div class=\"cz_gap clr \" style=\"height: 50px\"><\/div><ul id=\"cz_81423\" class=\"cz_81423 cz_stylish_list clr cz_sl_icon_hover_none\"><li class=\"clr\"><div class=\"cz_sl_icon\"><i class=\"fa fa-angle-right mr10\"><\/i><\/div><div><span>Sorenco a \u00e9t\u00e9 cr\u00e9\u00e9e en 1992 en partenariat avec le groupe Coface.<br>Depuis octobre 2023 la famille Bouaziz d\u00e9tient 100% du capital. <\/span><\/div><\/li><li class=\"clr\"><div class=\"cz_sl_icon\"><i class=\"fa fa-angle-right mr10\"><\/i><\/div><div><span>Sp\u00e9cialiste de l'information financi\u00e8re et du recouvrement de cr\u00e9ances depuis plus de 30 ans<\/span><\/div><\/li><li class=\"clr\"><div class=\"cz_sl_icon\"><i class=\"fa fa-angle-right mr10\"><\/i><\/div><div><span>Un capital social de 157 500 TND<\/span><\/div><\/li><li class=\"clr\"><div class=\"cz_sl_icon\"><i class=\"fa fa-angle-right mr10\"><\/i><\/div><div><span>Un capital humain de 12 personnes (Analystes et Experts)<\/span><\/div><\/li><\/ul>[\/vc_column][vc_column width=\u00a0\u00bb1\/2&Prime;]<div class=\"cz_svg clr\" style=\"background-image: url(https:\/\/sorenco.tn\/wp-content\/uploads\/2024\/01\/tracking-business-growth-2023-11-27-05-02-20-utc.jpg);\"><svg xmlns=\"http:\/\/www.w3.org\/2000\/svg\" viewBox=\"0 0 1000 800\">\n<path style=\"fill:#ffffff;stroke:#ffffff;stroke-width: 2px\" d=\"M0,0H1000V800H0V0ZM827,4c-7.76,3.69-15.506,6.272-20,13-12.9,19.311,4.228,47.4,26,45C869.311,58.005,867.965,2.864,827,4ZM637,6c-36.378,17.759-25.768,66.484,12,57C681.024,54.958,676.006,4.437,637,6ZM777,56c-23.382,14.139-39.3,34.3-58,53l-96,96c-15.454,15.305-46.563,30.846-39,62-12.882-6.364-25.347-13.175-42-16l30-30c18.182-41.485-17.879-36.616-11-64,6.142-24.447,63.572-46.491,57-77-1.78-8.265-6.837-13.873-13-18-37.693-25.243-51.155,44.568-82,38-15.649-3.332-20.969-23.805-43-18-16.047,4.228-62.975,58.974-77,73L212,346l-89,89c-8.635,8.633-28.976,20.221-25,40,3.583,17.822,25.629,31.514,44,19,14.373-9.791,51.678-70.676,78-32,20.009,29.4-51.025,82.966-66,98-11.659,11.705-17.271,34.108-1,46,31.966,23.363,79.171-51.363,98-65,16.866-12.216,39.938.056,44,16,5.8,22.771-16.718,34.722-26,44L170,701c-11.538,11.532-44.879,39.165-19,60,23.163,18.649,42.384-6.378,55-19l82-81c8.506-8.509,18.605-26.485,39-22,47.451,10.435-1.944,54.461,15,79,27.494,39.816,53.76-30.963,86-9,33.767,23-34.558,79.442,23,88,20.867,3.1,70.814-57.812,84-71L765,496c13.822-13.82,82.523-70.824,78-93-3.12-15.3-22.977-30.98-42-20l-18,18c-17.139,11.7-39.919.431-44-16-7.084-28.522,60.669-73.844,74-92,9.992-13.607,5.473-34.361-7-42-21.961-13.449-32.4,9.5-48,13-22.954,5.148-25.224-25.5-51-18-16.078,4.677-42.787,37.78-55,50l-18,17-25-29c25.212-1.059,41.066-29.064,55-43L806,99C819.807,76.376,800.949,55.7,777,56Zm94,32c-28.455,15.348-47.987,41.994-70,64l-28,28c-8.221,13.138-1.567,31.249,8,38,8.333,5.88,23.637,5.984,32,0l89-91C911.627,103.913,893.019,87.59,871,88ZM356,96c-23.371,12.64-38.079,32.08-56,50l-81,80c-11.693,11.688-36.829,38.063-13,56,21.369,16.085,40.39-4.387,52-16L385,138C398.435,115.507,377.539,95.851,356,96ZM868,276c1.681,24.7-1.712,10.09-17,18q1,7,2,14l-2,2c-7.849-1.16-11.29-2.5-17,1,2.266,12.69,2.216,18.614-11,13l-5,3c0.453,7.607,2.079,11.167,0,16-8.612-.753-11.321-2.351-17,1q1,7,2,14l-3,2c-7.651-1.14-10.314-2.44-16,1,1.019,6.605,2.608,10.506,0,16l-14-2v1l15,2c3.263-5.951,1.632-8.926,1-18h2c4.818-1.269,10.6,1.4,16-1q-0.5-8-1-16c9.314,0.517,12.016,2.276,18-1q-0.5-8-1-16c8.655,0.83,11.938,2.641,18-1q-1-7.5-2-15h2c4.436-1.043,10.817,1.338,16-1q0.5-1,1-2c-1.764-4.827-2.7-9.063-2-14,9.023,0.632,12.216,2.415,18-1C870.974,286.249,869.713,277.924,868,276ZM792,512c-22.658,13.575-37.954,32.955-56,51l-80,79c-11.685,11.681-35.723,38.216-12,56,20.8,15.592,39.567-4.565,51-16L821,556C836.227,533.552,817.817,511.494,792,512ZM300,687c-2.894,7.3,2.079,14.381-4,19-4.576-1.652-8.588-2.515-13-2l-1,3v15l-16-1-1,3q0.5,7,1,14c-6.22,1.172-12.049-1.651-18,1q1,7.5,2,15l-4,2-10-3-5,3q0.5,8,1,16c-7.565-.64-11.541-2.466-17,0q1,8.5,2,17V772l16,1,2-3q-1-7-2-14h17c1.511-6.738-1.194-12.673,1-18l14,1c1.923-1.392.6-.1,2-2V722l16,1,2-3c-1.048-5.66-2.5-8.986-2-14h15l3-2c-0.665-7.42-2.417-10.6,0-16,5.962,0.87,10.706,3.19,15,0Zm304,12c-7.761,3.293-15.4,4.739-20,11-13.247,18.05-.237,51.566,26,47C644.351,751.021,643.488,698.826,604,699Z\"\/>\n<\/svg><\/div>[\/vc_column][\/vc_row][vc_row][vc_column width=\u00a0\u00bb1\/2&Prime;]<div class=\"cz_gap clr \" style=\"height: 50px\"><\/div><div id=\"cz_25002\" class=\"cz_25002 cz_banner clr\">\n\t\t\t<figure class=\"effect-style2\">\n\t\t\t\t<img decoding=\"async\" width=\"2000\" height=\"1333\" src=\"https:\/\/sorenco.tn\/wp-content\/uploads\/2024\/01\/finance-manager-meeting-discussing-company-growth-2023-11-27-05-26-29-utc.jpg\" class=\"attachment-full\" alt=\"\" title=\"Finance manager meeting discussing company growth project success financial statistics, professional investor working start up project for strategy plan with document, laptop and digital tablet\" srcset=\"https:\/\/sorenco.tn\/wp-content\/uploads\/2024\/01\/finance-manager-meeting-discussing-company-growth-2023-11-27-05-26-29-utc.jpg 2000w, https:\/\/sorenco.tn\/wp-content\/uploads\/2024\/01\/finance-manager-meeting-discussing-company-growth-2023-11-27-05-26-29-utc-300x200.jpg 300w, https:\/\/sorenco.tn\/wp-content\/uploads\/2024\/01\/finance-manager-meeting-discussing-company-growth-2023-11-27-05-26-29-utc-1024x682.jpg 1024w, https:\/\/sorenco.tn\/wp-content\/uploads\/2024\/01\/finance-manager-meeting-discussing-company-growth-2023-11-27-05-26-29-utc-768x512.jpg 768w, https:\/\/sorenco.tn\/wp-content\/uploads\/2024\/01\/finance-manager-meeting-discussing-company-growth-2023-11-27-05-26-29-utc-1536x1024.jpg 1536w, https:\/\/sorenco.tn\/wp-content\/uploads\/2024\/01\/finance-manager-meeting-discussing-company-growth-2023-11-27-05-26-29-utc-600x400.jpg 600w\" sizes=\"(max-width: 2000px) 100vw, 2000px\" \/>\n\t\t\t\t<figcaption><div><h4>Risque Client<\/h4><p class=\"cz_wpe_content\"><span style=\"font-size: 24px; color: #ffffff;\"> Leader de l\u2019Information en Tunisie<\/span><\/p><\/div><a href=\"https:\/\/sorenco.tn\/index.php\/risque-client\/\" title=\"Qui sommes nous\" aria-label=\"Qui sommes nous\"> <\/a><\/figcaption>\t\t\t\n\t\t\t<\/figure>\n\t\t<\/div>[\/vc_column][vc_column width=\u00a0\u00bb1\/2&Prime;]<div class=\"cz_gap clr \" style=\"height: 50px\"><\/div><div id=\"cz_101125\" class=\"cz_101125 cz_banner clr\">\n\t\t\t<figure class=\"effect-style2\">\n\t\t\t\t<img decoding=\"async\" width=\"2000\" height=\"1333\" src=\"https:\/\/sorenco.tn\/wp-content\/uploads\/2024\/01\/domino-tiles-in-a-row-and-coins-close-up-financia-2023-11-27-04-57-25-utc.jpg\" class=\"attachment-full\" alt=\"\" title=\"Domino tiles in a row and coins close up. Financial crisis concept\" srcset=\"https:\/\/sorenco.tn\/wp-content\/uploads\/2024\/01\/domino-tiles-in-a-row-and-coins-close-up-financia-2023-11-27-04-57-25-utc.jpg 2000w, https:\/\/sorenco.tn\/wp-content\/uploads\/2024\/01\/domino-tiles-in-a-row-and-coins-close-up-financia-2023-11-27-04-57-25-utc-300x200.jpg 300w, https:\/\/sorenco.tn\/wp-content\/uploads\/2024\/01\/domino-tiles-in-a-row-and-coins-close-up-financia-2023-11-27-04-57-25-utc-1024x682.jpg 1024w, https:\/\/sorenco.tn\/wp-content\/uploads\/2024\/01\/domino-tiles-in-a-row-and-coins-close-up-financia-2023-11-27-04-57-25-utc-768x512.jpg 768w, https:\/\/sorenco.tn\/wp-content\/uploads\/2024\/01\/domino-tiles-in-a-row-and-coins-close-up-financia-2023-11-27-04-57-25-utc-1536x1024.jpg 1536w, https:\/\/sorenco.tn\/wp-content\/uploads\/2024\/01\/domino-tiles-in-a-row-and-coins-close-up-financia-2023-11-27-04-57-25-utc-600x400.jpg 600w\" sizes=\"(max-width: 2000px) 100vw, 2000px\" \/>\n\t\t\t\t<figcaption><div><h4>Recouvrement<\/h4><p class=\"cz_wpe_content\"><span style=\"font-size: 24px; color: #ffffff;\">Externaliser la fonction Recouvrement<\/span><\/p><\/div><a href=\"https:\/\/sorenco.tn\/index.php\/recouvrement\/\" title=\"Recouvrement de Cr\u00e9ances\" aria-label=\"Recouvrement de Cr\u00e9ances\"> <\/a><\/figcaption>\t\t\t\n\t\t\t<\/figure>\n\t\t<\/div>[\/vc_column][\/vc_row][vc_row][vc_column]<div id=\"cz_13400\" class=\"cz_13400 cz_title clr cz_title_pos_inline tac\"><div class=\"cz_title_content\"><div class=\"cz_wpe_content\"><h3 style=\"color: #d60000; text-align: center;\"><span style=\"font-size: 38px;\"><strong>Nos valeurs<\/strong><\/span><\/h3>\n<p style=\"text-align: left;\">\n<\/div><\/div><\/div>[\/vc_column][\/vc_row][vc_row][vc_column]<div class=\"cz_gap clr \" style=\"height: 50px\"><\/div>[\/vc_column][\/vc_row][vc_row][vc_column width=\u00a0\u00bb1\/5&Prime; offset=\u00a0\u00bbvc_col-lg-3 vc_col-xs-12&Prime;]<div class=\"cz_eqh cz_content_box_parent_fx  \"><div class=\"fx_bob_hover\"><div id=\"cz_64789\" class=\"cz_64789 cz_content_box clr\"><div class=\"cz_box_front clr\"><div class=\"cz_box_front_inner clr \"><span><\/span><div><div id=\"cz_72779\" class=\"cz_72779 services clr style11 services_b\"><div class=\"service_img\"><img decoding=\"async\" width=\"150\" height=\"150\" src=\"https:\/\/sorenco.tn\/wp-content\/uploads\/2024\/06\/1-150x150.png\" class=\"service-icon attachment-thumbnail\" alt=\"\" title=\"1\" srcset=\"https:\/\/sorenco.tn\/wp-content\/uploads\/2024\/06\/1-150x150.png 150w, https:\/\/sorenco.tn\/wp-content\/uploads\/2024\/06\/1.png 250w\" sizes=\"(max-width: 150px) 100vw, 150px\" \/><\/div><div class=\"service_text\"><h3>Int\u00e9grit\u00e9<\/h3><div class=\"cz_wpe_content\"><\/div><\/div><\/div><\/div><\/div><\/div><\/div><\/div><\/div>[\/vc_column][vc_column width=\u00a0\u00bb1\/5&Prime; offset=\u00a0\u00bbvc_col-lg-3 vc_col-xs-12&Prime;]<div class=\"cz_eqh cz_content_box_parent_fx  \"><div class=\"fx_bob_hover\"><div id=\"cz_62262\" class=\"cz_62262 cz_content_box clr\"><div class=\"cz_box_front clr\"><div class=\"cz_box_front_inner clr \"><span><\/span><div><div id=\"cz_106472\" class=\"cz_106472 services clr style11 services_b\"><div class=\"service_img\"><img decoding=\"async\" width=\"150\" height=\"150\" src=\"https:\/\/sorenco.tn\/wp-content\/uploads\/2024\/06\/2-150x150.png\" class=\"service-icon attachment-thumbnail\" alt=\"\" title=\"2\" srcset=\"https:\/\/sorenco.tn\/wp-content\/uploads\/2024\/06\/2-150x150.png 150w, https:\/\/sorenco.tn\/wp-content\/uploads\/2024\/06\/2.png 250w\" sizes=\"(max-width: 150px) 100vw, 150px\" \/><\/div><div class=\"service_text\"><h3>Ethique<\/h3><div class=\"cz_wpe_content\"><\/div><\/div><\/div><\/div><\/div><\/div><\/div><\/div><\/div>[\/vc_column][vc_column width=\u00a0\u00bb1\/5&Prime; offset=\u00a0\u00bbvc_col-lg-3 vc_col-xs-12&Prime;]<div class=\"cz_eqh cz_content_box_parent_fx  \"><div class=\"fx_bob_hover\"><div id=\"cz_54617\" class=\"cz_54617 cz_content_box clr\"><div class=\"cz_box_front clr\"><div class=\"cz_box_front_inner clr \"><span><\/span><div><div id=\"cz_80277\" class=\"cz_80277 services clr style11 services_b\"><div class=\"service_img\"><img decoding=\"async\" width=\"150\" height=\"150\" src=\"https:\/\/sorenco.tn\/wp-content\/uploads\/2024\/06\/3-150x150.png\" class=\"service-icon attachment-thumbnail\" alt=\"\" title=\"3\" srcset=\"https:\/\/sorenco.tn\/wp-content\/uploads\/2024\/06\/3-150x150.png 150w, https:\/\/sorenco.tn\/wp-content\/uploads\/2024\/06\/3.png 250w\" sizes=\"(max-width: 150px) 100vw, 150px\" \/><\/div><div class=\"service_text\"><h3>Fiabilit\u00e9<\/h3><div class=\"cz_wpe_content\"><\/div><\/div><\/div><\/div><\/div><\/div><\/div><\/div><\/div>[\/vc_column][vc_column width=\u00a0\u00bb1\/5&Prime; offset=\u00a0\u00bbvc_col-lg-3 vc_col-xs-12&Prime;]<div class=\"cz_eqh cz_content_box_parent_fx  \"><div class=\"fx_bob_hover\"><div id=\"cz_29801\" class=\"cz_29801 cz_content_box clr\"><div class=\"cz_box_front clr\"><div class=\"cz_box_front_inner clr \"><span><\/span><div><div id=\"cz_52815\" class=\"cz_52815 services clr style11 services_b\"><div class=\"service_img\"><img decoding=\"async\" width=\"150\" height=\"150\" src=\"https:\/\/sorenco.tn\/wp-content\/uploads\/2024\/06\/4-150x150.png\" class=\"service-icon attachment-thumbnail\" alt=\"\" title=\"4\" srcset=\"https:\/\/sorenco.tn\/wp-content\/uploads\/2024\/06\/4-150x150.png 150w, https:\/\/sorenco.tn\/wp-content\/uploads\/2024\/06\/4.png 250w\" sizes=\"(max-width: 150px) 100vw, 150px\" \/><\/div><div class=\"service_text\"><h3>Confidentialit\u00e9<\/h3><div class=\"cz_wpe_content\"><\/div><\/div><\/div><\/div><\/div><\/div><\/div><\/div><\/div>[\/vc_column][\/vc_row]<\/p>\n<\/div>","protected":false},"excerpt":{"rendered":"<p>[vc_row][vc_column width=\u00a0\u00bb1\/2&Prime;][\/vc_column][vc_column width=\u00a0\u00bb1\/2&Prime;][\/vc_column][\/vc_row][vc_row][vc_column width=\u00a0\u00bb1\/2&Prime;][\/vc_column][vc_column width=\u00a0\u00bb1\/2&Prime;][\/vc_column][\/vc_row][vc_row][vc_column][\/vc_column][\/vc_row][vc_row][vc_column][\/vc_column][\/vc_row][vc_row][vc_column width=\u00a0\u00bb1\/5&Prime; offset=\u00a0\u00bbvc_col-lg-3 vc_col-xs-12&Prime;][\/vc_column][vc_column width=\u00a0\u00bb1\/5&Prime; offset=\u00a0\u00bbvc_col-lg-3 vc_col-xs-12&Prime;][\/vc_column][vc_column &#8230; <\/p>\n","protected":false},"author":1,"featured_media":0,"parent":0,"menu_order":0,"comment_status":"closed","ping_status":"closed","template":"","meta":{"footnotes":""},"class_list":["post-1665","page","type-page","status-publish","hentry"],"_links":{"self":[{"href":"https:\/\/sorenco.tn\/index.php\/wp-json\/wp\/v2\/pages\/1665","targetHints":{"allow":["GET"]}}],"collection":[{"href":"https:\/\/sorenco.tn\/index.php\/wp-json\/wp\/v2\/pages"}],"about":[{"href":"https:\/\/sorenco.tn\/index.php\/wp-json\/wp\/v2\/types\/page"}],"author":[{"embeddable":true,"href":"https:\/\/sorenco.tn\/index.php\/wp-json\/wp\/v2\/users\/1"}],"replies":[{"embeddable":true,"href":"https:\/\/sorenco.tn\/index.php\/wp-json\/wp\/v2\/comments?post=1665"}],"version-history":[{"count":4,"href":"https:\/\/sorenco.tn\/index.php\/wp-json\/wp\/v2\/pages\/1665\/revisions"}],"predecessor-version":[{"id":1911,"href":"https:\/\/sorenco.tn\/index.php\/wp-json\/wp\/v2\/pages\/1665\/revisions\/1911"}],"wp:attachment":[{"href":"https:\/\/sorenco.tn\/index.php\/wp-json\/wp\/v2\/media?parent=1665"}],"curies":[{"name":"wp","href":"https:\/\/api.w.org\/{rel}","templated":true}]}}